{"id":15,"date":"2013-11-15T16:39:44","date_gmt":"2013-11-15T15:39:44","guid":{"rendered":"http:\/\/www.nikolausgemeinschaft.knietief.com\/content\/wordpress\/?page_id=15"},"modified":"2013-11-19T16:10:20","modified_gmt":"2013-11-19T15:10:20","slug":"uber-uns","status":"publish","type":"page","link":"https:\/\/www.nikolausgemeinschaft.knietief.com\/?page_id=15","title":{"rendered":"\u00dcber Uns"},"content":{"rendered":"<h3 style=\"text-align: justify;\">Wir in den Medien:<\/h3>\n<p style=\"text-align: justify;\">Mitschnitt vom 6.11.2012 Radio RST<br \/>\n<audio class=\"wp-audio-shortcode\" id=\"audio-15-1\" preload=\"none\" style=\"width: 100%;\" controls=\"controls\"><source type=\"audio\/mpeg\" src=\"http:\/\/www.nikolausgemeinschaft.knietief.com\/content\/wordpress\/wp-content\/uploads\/2013\/11\/Nikolaus-bei-RST-am-06.11.2012.mp3?_=1\" \/><a href=\"http:\/\/www.nikolausgemeinschaft.knietief.com\/content\/wordpress\/wp-content\/uploads\/2013\/11\/Nikolaus-bei-RST-am-06.11.2012.mp3\">http:\/\/www.nikolausgemeinschaft.knietief.com\/content\/wordpress\/wp-content\/uploads\/2013\/11\/Nikolaus-bei-RST-am-06.11.2012.mp3<\/a><\/audio><\/p>\n<p style=\"text-align: justify;\">\n<h3 style=\"text-align: justify;\">Unsere Geschichte:<\/h3>\n<p style=\"text-align: justify;\">Die Nikol\u00e4use vom Burgsteinfurter Damm haben schon eine lange Tradition. Gegr\u00fcndet wurde die Gemeinschaft im Jahre 1945.<\/p>\n<p style=\"text-align: justify;\">Anfangs zogen Nikolaus, der Engel und der Knecht Ruprecht zu Fu\u00df von Haus zu Haus. Der Engel war sogar noch mit Fl\u00fcgeln ausgestattet.<\/p>\n<p style=\"text-align: justify;\">Mitte der 80er Jahre erlebte die Nikolausgemeinschaft einen richtigen Aufschwung. Nach dem 40-j\u00e4hrigen Jubil\u00e4um wuchs die Gruppe stetig. Auch die Anzahl der Termin stieg. Der Nikolaus ist ja ein guter Mann und ist sehr beliebt. Anfang der 90er wurde ein zweites Gewand angeschafft. Von nun an konnten die Nikol\u00e4use in zwei Gruppen spielen, da die Termine pro Tag nicht mehr mit einem Nikolaus bew\u00e4ltigt werden konnten.<\/p>\n<p style=\"text-align: justify;\">Je nachdem wie der Nikolaustag f\u00e4llt, ist der Nikolaus 3 oder 4 Tage unterwegs. Es werden bis zu 70 Hausbesuche gemacht. Neben den Hausbesuchen, wo die Kinder gespannt auf den Nikolaus warten, ist der Nikolaus auch gerne Gast bei Kegelvereinen, Sportgruppen oder Weihnachts-\/Betriebsfeiern.<\/p>\n<p style=\"text-align: justify;\">Um dieses Programm abzuarbeiten, sind seit einigen Jahren \u00fcber 20 Ehrenamtliche aus der Nachbarschaft am Burgsteinfurter Damm f\u00fcr den Nikolaus aktiv.<\/p>\n<p style=\"text-align: justify;\">Am 01. November eines Jahres beginnt die Nikolaussaison mit der Generalversammlung.<\/p>\n<p style=\"text-align: justify;\">Es werden die Spieltermine festgelegt und ein Einsatzplan erarbeitet. Pro Gruppe ben\u00f6tigen wir einen Nikolaus, einen Knecht Ruprecht, einen Diener (fr\u00fcher Engel). Dazu kommen ein Betreuer f\u00fcr Nikolaus und Knecht Ruprecht (der Betreuer guckt, da\u00df die Mitra sitzt und der Knecht den Rucksack aufbekommt) und 2 Fahrer. Wenn wir mit zwei Gruppen unterwegs sind, sind min. 12 Personen im Einsatz.<\/p>\n<p style=\"text-align: justify;\">Ende November beginnt die konkrete Planung der Touren. Die Anmeldungen werden ausgewertet und die Touren geplant. Anschlie\u00dfend werden die Touren abgefahren und Sie \u00fcber den Termin und die Uhrzeit informiert.<\/p>\n<p style=\"text-align: justify;\">Anfang Dezember geht es dann los. Die Gew\u00e4nder werden ausgepackt und gepr\u00fcft, Ruten f\u00fcr den Knecht Ruprecht werden gebunden. An den Spielterminen beginnt der Knecht Ruprecht 1 Stunden vor Spielbeginn mit dem Schminken. Der Nikolaus und der Diener brauchen nur 15 Minuten um sich zu Verkleiden. Nachdem Ruten, Rucksack, Korb, das goldene Buch, Mitra und der Bischofsstab in die Autos gepackt sind, kann es losgehen.<\/p>\n","protected":false},"excerpt":{"rendered":"<p>Wir in den Medien: Mitschnitt vom 6.11.2012 Radio RST Unsere Geschichte: Die Nikol\u00e4use vom Burgsteinfurter Damm haben schon eine lange Tradition. Gegr\u00fcndet wurde die Gemeinschaft im Jahre 1945. Anfangs zogen Nikolaus, der Engel und der Knecht Ruprecht zu Fu\u00df von Haus zu Haus. Der Engel war sogar noch mit Fl\u00fcgeln ausgestattet. Mitte der 80er Jahre [&hellip;]<\/p>\n","protected":false},"author":1,"featured_media":0,"parent":0,"menu_order":0,"comment_status":"closed","ping_status":"open","template":"","meta":{"footnotes":""},"class_list":["post-15","page","type-page","status-publish","hentry"],"_links":{"self":[{"href":"https:\/\/www.nikolausgemeinschaft.knietief.com\/index.php?rest_route=\/wp\/v2\/pages\/15","targetHints":{"allow":["GET"]}}],"collection":[{"href":"https:\/\/www.nikolausgemeinschaft.knietief.com\/index.php?rest_route=\/wp\/v2\/pages"}],"about":[{"href":"https:\/\/www.nikolausgemeinschaft.knietief.com\/index.php?rest_route=\/wp\/v2\/types\/page"}],"author":[{"embeddable":true,"href":"https:\/\/www.nikolausgemeinschaft.knietief.com\/index.php?rest_route=\/wp\/v2\/users\/1"}],"replies":[{"embeddable":true,"href":"https:\/\/www.nikolausgemeinschaft.knietief.com\/index.php?rest_route=%2Fwp%2Fv2%2Fcomments&post=15"}],"version-history":[{"count":14,"href":"https:\/\/www.nikolausgemeinschaft.knietief.com\/index.php?rest_route=\/wp\/v2\/pages\/15\/revisions"}],"predecessor-version":[{"id":93,"href":"https:\/\/www.nikolausgemeinschaft.knietief.com\/index.php?rest_route=\/wp\/v2\/pages\/15\/revisions\/93"}],"wp:attachment":[{"href":"https:\/\/www.nikolausgemeinschaft.knietief.com\/index.php?rest_route=%2Fwp%2Fv2%2Fmedia&parent=15"}],"curies":[{"name":"wp","href":"https:\/\/api.w.org\/{rel}","templated":true}]}}