{"id":13,"date":"2013-11-15T16:39:32","date_gmt":"2013-11-15T15:39:32","guid":{"rendered":"http:\/\/www.nikolausgemeinschaft.knietief.com\/content\/wordpress\/?page_id=13"},"modified":"2013-11-17T19:02:32","modified_gmt":"2013-11-17T18:02:32","slug":"nikolausbesuch","status":"publish","type":"page","link":"https:\/\/www.nikolausgemeinschaft.knietief.com\/?page_id=13","title":{"rendered":"Nikolausbesuch"},"content":{"rendered":"<h1>Wenn der Nikolaus kommt<\/h1>\n<p>&nbsp;<\/p>\n<p style=\"text-align: justify;\">Im Vorfeld melden Sie sich \u00fcber diese Homepage oder \u00fcber den Telefondienst an.<br \/>\nIm Mitteilungsbl\u00e4ttchen inserieren wir eine Anzeige mit einer Rufnummer. Diese kann sich von Jahr zu Jahr \u00e4ndern.<\/p>\n<p style=\"text-align: justify;\">Ca. zwei Wochen vor dem Nikolaustermin planen wir die Touren. Wir bem\u00fchen uns Ihre Zeitw\u00fcnsche zu ber\u00fccksichtigen, da es die Zeit aber nicht erlaubt kreuz und quer durch Neuenkirchen und Umgebung zu fahren, versuchen wir so gut wie m\u00f6glich Ihren W\u00fcnschen zu entsprechen. Nach der Festlegung der Touren werden diese anschlie\u00dfend abgefahren. Wir klingeln bei Ihnen an, damit wir Ihnn die genaue Uhrzeit mitteilen k\u00f6nnen und letzte R\u00fcckfragen gekl\u00e4rt werden k\u00f6nnen.<\/p>\n<p style=\"text-align: justify;\">An dem Tag des Nikolausbesuches w\u00e4re es sch\u00f6n, wenn Sie an der Haust\u00fcr einen Zettel (bitte nicht gr\u00f6\u00dfer als DIN A5) mit den Namen der Kinder und einigen Notizen bereithalten w\u00fcrden (Alter, Kindergarten, Schule, Freizeit). Bitte verfassen Sie diese stichpunktartig, damit der Nikolaus freier reden kann. Da der Nikolaus die Kinder nicht nur ermahnen will, w\u00e4re es sch\u00f6n, wenn auch positive Dinge vermerkt sind.<\/p>\n<p style=\"text-align: justify;\">Unser Diener hat immer einen Korb dabei, damit der Nikolaus den Kindern auch etwas mitbringen kann. Die T\u00fcten mit S\u00fc\u00dfigkeiten sollten Sie vorbereiten und an der Haust\u00fcr an den Diener \u00fcbergeben. Sollen die T\u00fcten an bestimmte Kinder verteilt werden, sollten diese mit Namen versehen werden.<\/p>\n<p style=\"text-align: justify;\">Danach kann es losgehen. Zur Begr\u00fc\u00dfung freut sich der Niklaus \u00fcber ein gesungenes Lied. Anschlie\u00dfend berichtet der Nikolaus aus dem gro\u00dfen goldenen Buch. Kinder, die dem Nikolaus versprechen, dass sie sich bessern wollen, bekommen dann vom Nikolaus die T\u00fcten \u00fcberreicht.<\/p>\n<p style=\"text-align: justify;\">Manchmal bekommt der heilige Mann noch ein selbstgemaltes Bild von den Kindern oder eines der Kinder tr\u00e4gt noch ein Gedicht vor.<\/p>\n<p style=\"text-align: justify;\">Wenn der Nikolaus dann weiterziehen muss, wird er gerne durch ein Lied verabschiedet.<\/p>\n<p style=\"text-align: justify;\">Je nach Anzahl der Kinder dauert ein Besuch 10 oder 20 Minuten.<\/p>\n<p style=\"text-align: justify;\">Wenn die Kinder zu \u00e4ngstlich reagieren, versucht der Nikolaus den Kindern durch ein paar Fragen (z. B. nach Alter, Kindergarten usw.) die Angst zu nehmen. In der Regel funktioniert das, andernfalls wird der Knecht Ruprecht rausgeschickt. Da der Knecht sehr aufwendig geschminkt ist, bitten wir darum, den Knecht nicht direkt au\u00dfen vor zu lassen.<\/p>\n<p style=\"text-align: justify;\">Eigentlich ist der Nikolaus immer p\u00fcnktlich. Sollte er sich trotzdem einmal versp\u00e4ten, haben Sie bitte Verst\u00e4ndnis, es kann immer etwas Unvorhergesehenes auftreten &#8230;<\/p>\n","protected":false},"excerpt":{"rendered":"<p>Wenn der Nikolaus kommt &nbsp; Im Vorfeld melden Sie sich \u00fcber diese Homepage oder \u00fcber den Telefondienst an. Im Mitteilungsbl\u00e4ttchen inserieren wir eine Anzeige mit einer Rufnummer. Diese kann sich von Jahr zu Jahr \u00e4ndern. Ca. zwei Wochen vor dem Nikolaustermin planen wir die Touren. Wir bem\u00fchen uns Ihre Zeitw\u00fcnsche zu ber\u00fccksichtigen, da es die [&hellip;]<\/p>\n","protected":false},"author":1,"featured_media":0,"parent":0,"menu_order":0,"comment_status":"closed","ping_status":"open","template":"","meta":{"footnotes":""},"class_list":["post-13","page","type-page","status-publish","hentry"],"_links":{"self":[{"href":"https:\/\/www.nikolausgemeinschaft.knietief.com\/index.php?rest_route=\/wp\/v2\/pages\/13","targetHints":{"allow":["GET"]}}],"collection":[{"href":"https:\/\/www.nikolausgemeinschaft.knietief.com\/index.php?rest_route=\/wp\/v2\/pages"}],"about":[{"href":"https:\/\/www.nikolausgemeinschaft.knietief.com\/index.php?rest_route=\/wp\/v2\/types\/page"}],"author":[{"embeddable":true,"href":"https:\/\/www.nikolausgemeinschaft.knietief.com\/index.php?rest_route=\/wp\/v2\/users\/1"}],"replies":[{"embeddable":true,"href":"https:\/\/www.nikolausgemeinschaft.knietief.com\/index.php?rest_route=%2Fwp%2Fv2%2Fcomments&post=13"}],"version-history":[{"count":12,"href":"https:\/\/www.nikolausgemeinschaft.knietief.com\/index.php?rest_route=\/wp\/v2\/pages\/13\/revisions"}],"predecessor-version":[{"id":91,"href":"https:\/\/www.nikolausgemeinschaft.knietief.com\/index.php?rest_route=\/wp\/v2\/pages\/13\/revisions\/91"}],"wp:attachment":[{"href":"https:\/\/www.nikolausgemeinschaft.knietief.com\/index.php?rest_route=%2Fwp%2Fv2%2Fmedia&parent=13"}],"curies":[{"name":"wp","href":"https:\/\/api.w.org\/{rel}","templated":true}]}}